{"id":1374,"date":"2019-08-16T11:34:53","date_gmt":"2019-08-16T09:34:53","guid":{"rendered":"http:\/\/www.boudeperche.com\/?page_id=1374"},"modified":"2019-08-16T11:46:12","modified_gmt":"2019-08-16T09:46:12","slug":"jardin","status":"publish","type":"page","link":"https:\/\/www.boudeperche.com\/?page_id=1374","title":{"rendered":"Jardin"},"content":{"rendered":"<style type=\"text\/css\">\n#foogallery-gallery-1359.fg-justified .fg-item { margin-right: 15px; margin-bottom: 15px; }\n#foogallery-gallery-1359.fg-justified .fg-image { height: 250px; }<\/style>\n\t\t\t<div class=\"foogallery foogallery-container foogallery-justified foogallery-lightbox-foobox fg-justified fg-ready fg-light fg-loaded-fade-in\" id=\"foogallery-gallery-1359\" data-foogallery=\"{&quot;item&quot;:{&quot;showCaptionTitle&quot;:false,&quot;showCaptionDescription&quot;:false},&quot;lazy&quot;:true,&quot;template&quot;:{&quot;rowHeight&quot;:250,&quot;maxRowHeight&quot;:300,&quot;margins&quot;:15,&quot;align&quot;:&quot;center&quot;,&quot;lastRow&quot;:&quot;smart&quot;}}\" style=\"--fg-title-line-clamp: 0; --fg-description-line-clamp: 0;\" >\n\t<div class=\"fg-item fg-type-image fg-idle\"><figure class=\"fg-item-inner\"><a href=\"https:\/\/www.boudeperche.com\/wp-content\/uploads\/2019\/08\/Tronc-mosa\u00efque-A3.jpg\" data-attachment-id=\"1373\" data-type=\"image\" class=\"fg-thumb\" data-rel=\"lightbox-image-0\" data-rl_title=\"\" data-rl_caption=\"\" title=\"\"><span class=\"fg-image-wrap\"><img fetchpriority=\"high\" decoding=\"async\" height=\"300\" width=\"212\" class=\"skip-lazy fg-image\" data-src-fg=\"https:\/\/www.boudeperche.com\/wp-content\/uploads\/cache\/2019\/08\/Tronc-mosa\u00efque-A3\/1707817292.jpg\" data-srcset-fg=\"https:\/\/www.boudeperche.com\/wp-content\/uploads\/cache\/2019\/08\/Tronc-mosa\u00efque-A3\/1596453523.jpg 4x\" src=\"data:image\/svg+xml,%3Csvg%20xmlns%3D%22http%3A%2F%2Fwww.w3.org%2F2000%2Fsvg%22%20width%3D%22212%22%20height%3D%22300%22%20viewBox%3D%220%200%20212%20300%22%3E%3C%2Fsvg%3E\" loading=\"eager\"><\/span><span class=\"fg-image-overlay\"><\/span><\/a><\/figure><div class=\"fg-loader\"><\/div><\/div><div class=\"fg-item fg-type-image fg-idle\"><figure class=\"fg-item-inner\"><a href=\"https:\/\/www.boudeperche.com\/wp-content\/uploads\/2019\/08\/Texture-mosa\u00efque-A3.jpg\" data-attachment-id=\"1372\" data-type=\"image\" class=\"fg-thumb\" data-rel=\"lightbox-image-1\" data-rl_title=\"\" data-rl_caption=\"\" title=\"\"><span class=\"fg-image-wrap\"><img decoding=\"async\" height=\"300\" width=\"212\" class=\"skip-lazy fg-image\" data-src-fg=\"https:\/\/www.boudeperche.com\/wp-content\/uploads\/cache\/2019\/08\/Texture-mosa\u00efque-A3\/2464597585.jpg\" data-srcset-fg=\"https:\/\/www.boudeperche.com\/wp-content\/uploads\/cache\/2019\/08\/Texture-mosa\u00efque-A3\/2565881429.jpg 4x\" src=\"data:image\/svg+xml,%3Csvg%20xmlns%3D%22http%3A%2F%2Fwww.w3.org%2F2000%2Fsvg%22%20width%3D%22212%22%20height%3D%22300%22%20viewBox%3D%220%200%20212%20300%22%3E%3C%2Fsvg%3E\" loading=\"eager\"><\/span><span class=\"fg-image-overlay\"><\/span><\/a><\/figure><div class=\"fg-loader\"><\/div><\/div><div class=\"fg-item fg-type-image fg-idle\"><figure class=\"fg-item-inner\"><a href=\"https:\/\/www.boudeperche.com\/wp-content\/uploads\/2019\/08\/Arbre-A3.jpg\" data-attachment-id=\"1360\" data-type=\"image\" class=\"fg-thumb\" data-rel=\"lightbox-image-2\" data-rl_title=\"\" data-rl_caption=\"\" title=\"\"><span class=\"fg-image-wrap\"><img decoding=\"async\" height=\"300\" width=\"424\" class=\"skip-lazy fg-image\" data-src-fg=\"https:\/\/www.boudeperche.com\/wp-content\/uploads\/cache\/2019\/08\/Arbre-A3\/721029488.jpg\" data-srcset-fg=\"https:\/\/www.boudeperche.com\/wp-content\/uploads\/cache\/2019\/08\/Arbre-A3\/2061973632.jpg 4x\" src=\"data:image\/svg+xml,%3Csvg%20xmlns%3D%22http%3A%2F%2Fwww.w3.org%2F2000%2Fsvg%22%20width%3D%22424%22%20height%3D%22300%22%20viewBox%3D%220%200%20424%20300%22%3E%3C%2Fsvg%3E\" loading=\"eager\"><\/span><span class=\"fg-image-overlay\"><\/span><\/a><\/figure><div class=\"fg-loader\"><\/div><\/div><div class=\"fg-item fg-type-image fg-idle\"><figure class=\"fg-item-inner\"><a href=\"https:\/\/www.boudeperche.com\/wp-content\/uploads\/2019\/08\/plantes-d\u00e9tails-A3.jpg\" data-attachment-id=\"1370\" data-type=\"image\" class=\"fg-thumb\" data-rel=\"lightbox-image-3\" data-rl_title=\"\" data-rl_caption=\"\" title=\"\"><span class=\"fg-image-wrap\"><img decoding=\"async\" height=\"300\" width=\"212\" class=\"skip-lazy fg-image\" data-src-fg=\"https:\/\/www.boudeperche.com\/wp-content\/uploads\/cache\/2019\/08\/plantes-d\u00e9tails-A3\/3373225885.jpg\" data-srcset-fg=\"https:\/\/www.boudeperche.com\/wp-content\/uploads\/cache\/2019\/08\/plantes-d\u00e9tails-A3\/3747181587.jpg 4x\" src=\"data:image\/svg+xml,%3Csvg%20xmlns%3D%22http%3A%2F%2Fwww.w3.org%2F2000%2Fsvg%22%20width%3D%22212%22%20height%3D%22300%22%20viewBox%3D%220%200%20212%20300%22%3E%3C%2Fsvg%3E\" loading=\"eager\"><\/span><span class=\"fg-image-overlay\"><\/span><\/a><\/figure><div class=\"fg-loader\"><\/div><\/div><div class=\"fg-item fg-type-image fg-idle\"><figure class=\"fg-item-inner\"><a href=\"https:\/\/www.boudeperche.com\/wp-content\/uploads\/2019\/08\/Feuillages-et-tressages-A3.jpg\" data-attachment-id=\"1365\" data-type=\"image\" class=\"fg-thumb\" data-rel=\"lightbox-image-4\" data-rl_title=\"\" data-rl_caption=\"\" title=\"\"><span class=\"fg-image-wrap\"><img decoding=\"async\" height=\"300\" width=\"212\" class=\"skip-lazy fg-image\" data-src-fg=\"https:\/\/www.boudeperche.com\/wp-content\/uploads\/cache\/2019\/08\/Feuillages-et-tressages-A3\/3183329613.jpg\" data-srcset-fg=\"https:\/\/www.boudeperche.com\/wp-content\/uploads\/cache\/2019\/08\/Feuillages-et-tressages-A3\/646780242.jpg 4x\" src=\"data:image\/svg+xml,%3Csvg%20xmlns%3D%22http%3A%2F%2Fwww.w3.org%2F2000%2Fsvg%22%20width%3D%22212%22%20height%3D%22300%22%20viewBox%3D%220%200%20212%20300%22%3E%3C%2Fsvg%3E\" loading=\"eager\"><\/span><span class=\"fg-image-overlay\"><\/span><\/a><\/figure><div class=\"fg-loader\"><\/div><\/div><div class=\"fg-item fg-type-image fg-idle\"><figure class=\"fg-item-inner\"><a href=\"https:\/\/www.boudeperche.com\/wp-content\/uploads\/2019\/08\/DSC04220.jpg\" data-attachment-id=\"1361\" data-type=\"image\" class=\"fg-thumb\" data-rel=\"lightbox-image-5\" data-rl_title=\"\" data-rl_caption=\"\" title=\"\"><span class=\"fg-image-wrap\"><img decoding=\"async\" height=\"300\" width=\"445\" class=\"skip-lazy fg-image\" data-src-fg=\"https:\/\/www.boudeperche.com\/wp-content\/uploads\/cache\/2019\/08\/DSC04220\/1179999656.jpg\" data-srcset-fg=\"https:\/\/www.boudeperche.com\/wp-content\/uploads\/cache\/2019\/08\/DSC04220\/3673719184.jpg 4x\" src=\"data:image\/svg+xml,%3Csvg%20xmlns%3D%22http%3A%2F%2Fwww.w3.org%2F2000%2Fsvg%22%20width%3D%22445%22%20height%3D%22300%22%20viewBox%3D%220%200%20445%20300%22%3E%3C%2Fsvg%3E\" loading=\"eager\"><\/span><span class=\"fg-image-overlay\"><\/span><\/a><\/figure><div class=\"fg-loader\"><\/div><\/div><div class=\"fg-item fg-type-image fg-idle\"><figure class=\"fg-item-inner\"><a href=\"https:\/\/www.boudeperche.com\/wp-content\/uploads\/2019\/08\/Formes-g\u00e9om\u00e9triques-A3.jpg\" data-attachment-id=\"1367\" data-type=\"image\" class=\"fg-thumb\" data-rel=\"lightbox-image-6\" data-rl_title=\"\" data-rl_caption=\"\" title=\"\"><span class=\"fg-image-wrap\"><img decoding=\"async\" height=\"300\" width=\"212\" class=\"skip-lazy fg-image\" data-src-fg=\"https:\/\/www.boudeperche.com\/wp-content\/uploads\/cache\/2019\/08\/Formes-g\u00e9om\u00e9triques-A3\/3829738175.jpg\" data-srcset-fg=\"https:\/\/www.boudeperche.com\/wp-content\/uploads\/cache\/2019\/08\/Formes-g\u00e9om\u00e9triques-A3\/750633801.jpg 4x\" src=\"data:image\/svg+xml,%3Csvg%20xmlns%3D%22http%3A%2F%2Fwww.w3.org%2F2000%2Fsvg%22%20width%3D%22212%22%20height%3D%22300%22%20viewBox%3D%220%200%20212%20300%22%3E%3C%2Fsvg%3E\" loading=\"eager\"><\/span><span class=\"fg-image-overlay\"><\/span><\/a><\/figure><div class=\"fg-loader\"><\/div><\/div><div class=\"fg-item fg-type-image fg-idle\"><figure class=\"fg-item-inner\"><a href=\"https:\/\/www.boudeperche.com\/wp-content\/uploads\/2019\/08\/Gravures-A3.jpg\" data-attachment-id=\"1368\" data-type=\"image\" class=\"fg-thumb\" data-rel=\"lightbox-image-7\" data-rl_title=\"\" data-rl_caption=\"\" title=\"\"><span class=\"fg-image-wrap\"><img decoding=\"async\" height=\"300\" width=\"212\" class=\"skip-lazy fg-image\" data-src-fg=\"https:\/\/www.boudeperche.com\/wp-content\/uploads\/cache\/2019\/08\/Gravures-A3\/2638443642.jpg\" data-srcset-fg=\"https:\/\/www.boudeperche.com\/wp-content\/uploads\/cache\/2019\/08\/Gravures-A3\/497675532.jpg 4x\" src=\"data:image\/svg+xml,%3Csvg%20xmlns%3D%22http%3A%2F%2Fwww.w3.org%2F2000%2Fsvg%22%20width%3D%22212%22%20height%3D%22300%22%20viewBox%3D%220%200%20212%20300%22%3E%3C%2Fsvg%3E\" loading=\"eager\"><\/span><span class=\"fg-image-overlay\"><\/span><\/a><\/figure><div class=\"fg-loader\"><\/div><\/div><div class=\"fg-item fg-type-image fg-idle\"><figure class=\"fg-item-inner\"><a href=\"https:\/\/www.boudeperche.com\/wp-content\/uploads\/2019\/08\/Salades-A3.jpg\" data-attachment-id=\"1371\" data-type=\"image\" class=\"fg-thumb\" data-rel=\"lightbox-image-8\" data-rl_title=\"\" data-rl_caption=\"\" title=\"\"><span class=\"fg-image-wrap\"><img decoding=\"async\" height=\"300\" width=\"212\" class=\"skip-lazy fg-image\" data-src-fg=\"https:\/\/www.boudeperche.com\/wp-content\/uploads\/cache\/2019\/08\/Salades-A3\/199340754.jpg\" data-srcset-fg=\"https:\/\/www.boudeperche.com\/wp-content\/uploads\/cache\/2019\/08\/Salades-A3\/2216628039.jpg 4x\" src=\"data:image\/svg+xml,%3Csvg%20xmlns%3D%22http%3A%2F%2Fwww.w3.org%2F2000%2Fsvg%22%20width%3D%22212%22%20height%3D%22300%22%20viewBox%3D%220%200%20212%20300%22%3E%3C%2Fsvg%3E\" loading=\"eager\"><\/span><span class=\"fg-image-overlay\"><\/span><\/a><\/figure><div class=\"fg-loader\"><\/div><\/div><div class=\"fg-item fg-type-image fg-idle\"><figure class=\"fg-item-inner\"><a href=\"https:\/\/www.boudeperche.com\/wp-content\/uploads\/2019\/08\/Plantes-buttes-A3.jpg\" data-attachment-id=\"1369\" data-type=\"image\" class=\"fg-thumb\" data-rel=\"lightbox-image-9\" data-rl_title=\"\" data-rl_caption=\"\" title=\"\"><span class=\"fg-image-wrap\"><img decoding=\"async\" height=\"300\" width=\"212\" class=\"skip-lazy fg-image\" data-src-fg=\"https:\/\/www.boudeperche.com\/wp-content\/uploads\/cache\/2019\/08\/Plantes-buttes-A3\/2405275785.jpg\" data-srcset-fg=\"https:\/\/www.boudeperche.com\/wp-content\/uploads\/cache\/2019\/08\/Plantes-buttes-A3\/3603401192.jpg 4x\" src=\"data:image\/svg+xml,%3Csvg%20xmlns%3D%22http%3A%2F%2Fwww.w3.org%2F2000%2Fsvg%22%20width%3D%22212%22%20height%3D%22300%22%20viewBox%3D%220%200%20212%20300%22%3E%3C%2Fsvg%3E\" loading=\"eager\"><\/span><span class=\"fg-image-overlay\"><\/span><\/a><\/figure><div class=\"fg-loader\"><\/div><\/div><div class=\"fg-item fg-type-image fg-idle\"><figure class=\"fg-item-inner\"><a href=\"https:\/\/www.boudeperche.com\/wp-content\/uploads\/2019\/08\/park2-bis-scaled.jpg\" data-attachment-id=\"1705\" data-type=\"image\" class=\"fg-thumb\" data-rel=\"lightbox-image-10\" data-rl_title=\"\" data-rl_caption=\"\" title=\"\"><span class=\"fg-image-wrap\"><img decoding=\"async\" height=\"300\" width=\"219\" class=\"skip-lazy fg-image\" data-src-fg=\"https:\/\/www.boudeperche.com\/wp-content\/uploads\/cache\/2019\/08\/park2-bis-scaled\/1071837689.jpg\" data-srcset-fg=\"https:\/\/www.boudeperche.com\/wp-content\/uploads\/cache\/2019\/08\/park2-bis-scaled\/1075758953.jpg 4x\" src=\"data:image\/svg+xml,%3Csvg%20xmlns%3D%22http%3A%2F%2Fwww.w3.org%2F2000%2Fsvg%22%20width%3D%22219%22%20height%3D%22300%22%20viewBox%3D%220%200%20219%20300%22%3E%3C%2Fsvg%3E\" loading=\"eager\"><\/span><span class=\"fg-image-overlay\"><\/span><\/a><\/figure><div class=\"fg-loader\"><\/div><\/div><div class=\"fg-item fg-type-image fg-idle\"><figure class=\"fg-item-inner\"><a href=\"https:\/\/www.boudeperche.com\/wp-content\/uploads\/2019\/08\/Parc-scaled.jpg\" data-attachment-id=\"1704\" data-type=\"image\" class=\"fg-thumb\" data-rel=\"lightbox-image-11\" data-rl_title=\"\" data-rl_caption=\"\" title=\"\"><span class=\"fg-image-wrap\"><img decoding=\"async\" height=\"300\" width=\"424\" class=\"skip-lazy fg-image\" data-src-fg=\"https:\/\/www.boudeperche.com\/wp-content\/uploads\/cache\/2019\/08\/Parc-scaled\/3681775447.jpg\" data-srcset-fg=\"https:\/\/www.boudeperche.com\/wp-content\/uploads\/cache\/2019\/08\/Parc-scaled\/3421271996.jpg 4x\" src=\"data:image\/svg+xml,%3Csvg%20xmlns%3D%22http%3A%2F%2Fwww.w3.org%2F2000%2Fsvg%22%20width%3D%22424%22%20height%3D%22300%22%20viewBox%3D%220%200%20424%20300%22%3E%3C%2Fsvg%3E\" loading=\"eager\"><\/span><span class=\"fg-image-overlay\"><\/span><\/a><\/figure><div class=\"fg-loader\"><\/div><\/div><div class=\"fg-item fg-type-image fg-idle\"><figure class=\"fg-item-inner\"><a href=\"https:\/\/www.boudeperche.com\/wp-content\/uploads\/2019\/08\/DSC04221.jpg\" data-attachment-id=\"1362\" data-type=\"image\" class=\"fg-thumb\" data-rel=\"lightbox-image-12\" data-rl_title=\"\" data-rl_caption=\"\" title=\"\"><span class=\"fg-image-wrap\"><img decoding=\"async\" height=\"300\" width=\"450\" class=\"skip-lazy fg-image\" data-src-fg=\"https:\/\/www.boudeperche.com\/wp-content\/uploads\/cache\/2019\/08\/DSC04221\/4022756039.jpg\" data-srcset-fg=\"https:\/\/www.boudeperche.com\/wp-content\/uploads\/cache\/2019\/08\/DSC04221\/3577693713.jpg 4x\" src=\"data:image\/svg+xml,%3Csvg%20xmlns%3D%22http%3A%2F%2Fwww.w3.org%2F2000%2Fsvg%22%20width%3D%22450%22%20height%3D%22300%22%20viewBox%3D%220%200%20450%20300%22%3E%3C%2Fsvg%3E\" loading=\"eager\"><\/span><span class=\"fg-image-overlay\"><\/span><\/a><\/figure><div class=\"fg-loader\"><\/div><\/div><div class=\"fg-item fg-type-image fg-idle\"><figure class=\"fg-item-inner\"><a href=\"https:\/\/www.boudeperche.com\/wp-content\/uploads\/2019\/08\/DSC04224.jpg\" data-attachment-id=\"1363\" data-type=\"image\" class=\"fg-thumb\" data-rel=\"lightbox-image-13\" data-rl_title=\"\" data-rl_caption=\"\" title=\"\"><span class=\"fg-image-wrap\"><img decoding=\"async\" height=\"300\" width=\"209\" class=\"skip-lazy fg-image\" data-src-fg=\"https:\/\/www.boudeperche.com\/wp-content\/uploads\/cache\/2019\/08\/DSC04224\/853640243.jpg\" data-srcset-fg=\"https:\/\/www.boudeperche.com\/wp-content\/uploads\/cache\/2019\/08\/DSC04224\/2073423617.jpg 4x\" src=\"data:image\/svg+xml,%3Csvg%20xmlns%3D%22http%3A%2F%2Fwww.w3.org%2F2000%2Fsvg%22%20width%3D%22209%22%20height%3D%22300%22%20viewBox%3D%220%200%20209%20300%22%3E%3C%2Fsvg%3E\" loading=\"eager\"><\/span><span class=\"fg-image-overlay\"><\/span><\/a><\/figure><div class=\"fg-loader\"><\/div><\/div><\/div>\n\n<p>&nbsp;<\/p>\n<p style=\"text-align: center;\"><span style=\"font-family: verdana, geneva, sans-serif; font-size: 12pt; color: #999999;\"><span style=\"font-size: 10pt;\">R\u00e9sidence \u00e0 l&rsquo;Arbre de Vie, lieu d&rsquo;exp\u00e9rimentation permaculturel<\/span> <\/span><\/p>\n<p>&nbsp;<\/p>\n","protected":false},"excerpt":{"rendered":"<p>&nbsp; R\u00e9sidence \u00e0 l&rsquo;Arbre de Vie, lieu d&rsquo;exp\u00e9rimentation permaculturel &nbsp;<\/p>\n","protected":false},"author":1,"featured_media":0,"parent":0,"menu_order":0,"comment_status":"closed","ping_status":"closed","template":"","meta":{"ngg_post_thumbnail":0,"footnotes":""},"class_list":["post-1374","page","type-page","status-publish","hentry"],"_links":{"self":[{"href":"https:\/\/www.boudeperche.com\/index.php?rest_route=\/wp\/v2\/pages\/1374","targetHints":{"allow":["GET"]}}],"collection":[{"href":"https:\/\/www.boudeperche.com\/index.php?rest_route=\/wp\/v2\/pages"}],"about":[{"href":"https:\/\/www.boudeperche.com\/index.php?rest_route=\/wp\/v2\/types\/page"}],"author":[{"embeddable":true,"href":"https:\/\/www.boudeperche.com\/index.php?rest_route=\/wp\/v2\/users\/1"}],"replies":[{"embeddable":true,"href":"https:\/\/www.boudeperche.com\/index.php?rest_route=%2Fwp%2Fv2%2Fcomments&post=1374"}],"version-history":[{"count":4,"href":"https:\/\/www.boudeperche.com\/index.php?rest_route=\/wp\/v2\/pages\/1374\/revisions"}],"predecessor-version":[{"id":1379,"href":"https:\/\/www.boudeperche.com\/index.php?rest_route=\/wp\/v2\/pages\/1374\/revisions\/1379"}],"wp:attachment":[{"href":"https:\/\/www.boudeperche.com\/index.php?rest_route=%2Fwp%2Fv2%2Fmedia&parent=1374"}],"curies":[{"name":"wp","href":"https:\/\/api.w.org\/{rel}","templated":true}]}}